{"id":177,"date":"2024-10-30T11:55:01","date_gmt":"2024-10-30T11:55:01","guid":{"rendered":"https:\/\/orbisfood.sk\/?page_id=177"},"modified":"2024-10-30T12:02:19","modified_gmt":"2024-10-30T12:02:19","slug":"belgicke-hranolky","status":"publish","type":"page","link":"https:\/\/orbisfood.sk\/?page_id=177","title":{"rendered":"BELGICK\u00c9 HRANOLKY"},"content":{"rendered":"\t\t<div data-elementor-type=\"wp-page\" data-elementor-id=\"177\" class=\"elementor elementor-177\" data-elementor-post-type=\"page\">\n\t\t\t\t<div class=\"elementor-element elementor-element-c791704 e-flex e-con-boxed e-con e-parent\" data-id=\"c791704\" data-element_type=\"container\" data-e-type=\"container\" data-settings=\"{&quot;background_background&quot;:&quot;classic&quot;,&quot;jet_parallax_layout_list&quot;:[]}\">\n\t\t\t\t\t<div class=\"e-con-inner\">\n\t\t\t\t\t<\/div>\n\t\t\t\t<\/div>\n\t\t<div class=\"elementor-element elementor-element-3c3f2a3 e-flex e-con-boxed e-con e-parent\" data-id=\"3c3f2a3\" data-element_type=\"container\" data-e-type=\"container\" data-settings=\"{&quot;jet_parallax_layout_list&quot;:[]}\">\n\t\t\t\t\t<div class=\"e-con-inner\">\n\t\t\t\t<div class=\"elementor-element elementor-element-1be2cb6 elementor-widget elementor-widget-heading\" data-id=\"1be2cb6\" data-element_type=\"widget\" data-e-type=\"widget\" data-widget_type=\"heading.default\">\n\t\t\t\t<div class=\"elementor-widget-container\">\n\t\t\t\t\t<h2 class=\"elementor-heading-title elementor-size-default\">BELGICK\u00c9 HRANOLKY<\/h2>\t\t\t\t<\/div>\n\t\t\t\t<\/div>\n\t\t\t\t<div class=\"elementor-element elementor-element-9c34227 elementor-widget elementor-widget-text-editor\" data-id=\"9c34227\" data-element_type=\"widget\" data-e-type=\"widget\" data-widget_type=\"text-editor.default\">\n\t\t\t\t<div class=\"elementor-widget-container\">\n\t\t\t\t\t\t\t\t\t<p>Na\u0161e hranolky m\u00f4\u017eme nazva\u0165 prav\u00fdmi belgick\u00fdmi hranolkami pr\u00e1ve preto, \u017ee s\u00fa z \u010derstv\u00fdch zemiakov, zo spr\u00e1vnych odr\u00f4d, nakr\u00e1jan\u00e9 na presn\u00fd rozmer a dva kr\u00e1t vypr\u00e1\u017ean\u00e9 na hov\u00e4dzej masti. Navy\u0161e ich ako jedna z m\u00e1la prev\u00e1dzok v Eur\u00f3pe \u0161\u00fapeme ru\u010dne.<\/p><p>\u010cerstv\u00fd zemiak je veda, zemiak na prav\u00e9 belgick\u00e9 hranolky je superveda! Iba mal\u00e9 percento odr\u00f4d je vhodn\u00fdch na vypr\u00e1\u017eanie. Kvalitu vhodnej odrody ovplyv\u0148uje po\u010dasie, \u0161kodcovia, klimatick\u00e9 podmienky, tvrdos\u0165 p\u00f4dy, ich ve\u013ekos\u0165, kvalita \u0161upy, chemick\u00e9 zlo\u017eenie, skladovanie, preprava a in\u00e9.<\/p><p>Na z\u00e1klade t\u00fdchto faktorov v septembri vyber\u00e1me dan\u00e9 odrody a dod\u00e1vate\u013eov. Tu v\u0161ak na\u0161a pr\u00e1ca nekon\u010d\u00ed, preto\u017ee kvalita \u010derstv\u00e9ho zemiaku sa v priebehu roku neust\u00e1le men\u00ed. Preto m\u00f4\u017eete behom roka zaznamena\u0165 r\u00f4znu chu\u0165 na\u0161ich hranoliek.<\/p>\t\t\t\t\t\t\t\t<\/div>\n\t\t\t\t<\/div>\n\t\t\t\t<div class=\"elementor-element elementor-element-74786e0 elementor-widget elementor-widget-facebook-embed\" data-id=\"74786e0\" data-element_type=\"widget\" data-e-type=\"widget\" data-widget_type=\"facebook-embed.default\">\n\t\t\t\t<div class=\"elementor-widget-container\">\n\t\t\t\t\t<div style=\"min-height: 1px\" class=\"elementor-facebook-widget fb-video\" data-href=\"https:\/\/www.facebook.com\/orbisfood\/videos\/1807599342810295\/?ref=embed_video&#038;t=6\" data-show-text=\"false\" data-allowfullscreen=\"false\" data-autoplay=\"false\" data-show-captions=\"false\"><\/div>\t\t\t\t<\/div>\n\t\t\t\t<\/div>\n\t\t\t\t\t<\/div>\n\t\t\t\t<\/div>\n\t\t\t\t<\/div>\n\t\t","protected":false},"excerpt":{"rendered":"<p>BELGICK\u00c9 HRANOLKY Na\u0161e hranolky m\u00f4\u017eme nazva\u0165 prav\u00fdmi belgick\u00fdmi hranolkami pr\u00e1ve preto, \u017ee s\u00fa z \u010derstv\u00fdch zemiakov, zo spr\u00e1vnych odr\u00f4d, nakr\u00e1jan\u00e9 na presn\u00fd rozmer a dva kr\u00e1t vypr\u00e1\u017ean\u00e9 na hov\u00e4dzej masti. Navy\u0161e ich ako jedna z m\u00e1la prev\u00e1dzok v Eur\u00f3pe \u0161\u00fapeme ru\u010dne. \u010cerstv\u00fd zemiak je veda, zemiak na prav\u00e9 belgick\u00e9 hranolky je superveda! Iba mal\u00e9 percento [&hellip;]<\/p>\n","protected":false},"author":1,"featured_media":0,"parent":0,"menu_order":0,"comment_status":"closed","ping_status":"closed","template":"","meta":{"_monsterinsights_skip_tracking":false,"_monsterinsights_sitenote_active":false,"_monsterinsights_sitenote_note":"","_monsterinsights_sitenote_category":0,"footnotes":""},"class_list":["post-177","page","type-page","status-publish","hentry"],"yoast_head":"<!-- This site is optimized with the Yoast SEO plugin v27.0 - https:\/\/yoast.com\/product\/yoast-seo-wordpress\/ -->\n<title>BELGICK\u00c9 HRANOLKY - Orbis food<\/title>\n<meta name=\"robots\" content=\"index, follow, max-snippet:-1, max-image-preview:large, max-video-preview:-1\" \/>\n<link rel=\"canonical\" href=\"https:\/\/orbisfood.sk\/?page_id=177\" \/>\n<meta property=\"og:locale\" content=\"en_US\" \/>\n<meta property=\"og:type\" content=\"article\" \/>\n<meta property=\"og:title\" content=\"BELGICK\u00c9 HRANOLKY - Orbis food\" \/>\n<meta property=\"og:description\" content=\"BELGICK\u00c9 HRANOLKY Na\u0161e hranolky m\u00f4\u017eme nazva\u0165 prav\u00fdmi belgick\u00fdmi hranolkami pr\u00e1ve preto, \u017ee s\u00fa z \u010derstv\u00fdch zemiakov, zo spr\u00e1vnych odr\u00f4d, nakr\u00e1jan\u00e9 na presn\u00fd rozmer a dva kr\u00e1t vypr\u00e1\u017ean\u00e9 na hov\u00e4dzej masti. Navy\u0161e ich ako jedna z m\u00e1la prev\u00e1dzok v Eur\u00f3pe \u0161\u00fapeme ru\u010dne. \u010cerstv\u00fd zemiak je veda, zemiak na prav\u00e9 belgick\u00e9 hranolky je superveda! Iba mal\u00e9 percento [&hellip;]\" \/>\n<meta property=\"og:url\" content=\"https:\/\/orbisfood.sk\/?page_id=177\" \/>\n<meta property=\"og:site_name\" content=\"Orbis food\" \/>\n<meta property=\"article:modified_time\" content=\"2024-10-30T12:02:19+00:00\" \/>\n<meta name=\"twitter:card\" content=\"summary_large_image\" \/>\n<meta name=\"twitter:label1\" content=\"Est. reading time\" \/>\n\t<meta name=\"twitter:data1\" content=\"1 minute\" \/>\n<script type=\"application\/ld+json\" class=\"yoast-schema-graph\">{\"@context\":\"https:\/\/schema.org\",\"@graph\":[{\"@type\":\"WebPage\",\"@id\":\"https:\/\/orbisfood.sk\/?page_id=177\",\"url\":\"https:\/\/orbisfood.sk\/?page_id=177\",\"name\":\"BELGICK\u00c9 HRANOLKY - Orbis food\",\"isPartOf\":{\"@id\":\"https:\/\/orbisfood.sk\/#website\"},\"datePublished\":\"2024-10-30T11:55:01+00:00\",\"dateModified\":\"2024-10-30T12:02:19+00:00\",\"breadcrumb\":{\"@id\":\"https:\/\/orbisfood.sk\/?page_id=177#breadcrumb\"},\"inLanguage\":\"en-US\",\"potentialAction\":[{\"@type\":\"ReadAction\",\"target\":[\"https:\/\/orbisfood.sk\/?page_id=177\"]}]},{\"@type\":\"BreadcrumbList\",\"@id\":\"https:\/\/orbisfood.sk\/?page_id=177#breadcrumb\",\"itemListElement\":[{\"@type\":\"ListItem\",\"position\":1,\"name\":\"Home\",\"item\":\"https:\/\/orbisfood.sk\/\"},{\"@type\":\"ListItem\",\"position\":2,\"name\":\"BELGICK\u00c9 HRANOLKY\"}]},{\"@type\":\"WebSite\",\"@id\":\"https:\/\/orbisfood.sk\/#website\",\"url\":\"https:\/\/orbisfood.sk\/\",\"name\":\"Orbis food\",\"description\":\"\",\"potentialAction\":[{\"@type\":\"SearchAction\",\"target\":{\"@type\":\"EntryPoint\",\"urlTemplate\":\"https:\/\/orbisfood.sk\/?s={search_term_string}\"},\"query-input\":{\"@type\":\"PropertyValueSpecification\",\"valueRequired\":true,\"valueName\":\"search_term_string\"}}],\"inLanguage\":\"en-US\"}]}<\/script>\n<!-- \/ Yoast SEO plugin. -->","yoast_head_json":{"title":"BELGICK\u00c9 HRANOLKY - Orbis food","robots":{"index":"index","follow":"follow","max-snippet":"max-snippet:-1","max-image-preview":"max-image-preview:large","max-video-preview":"max-video-preview:-1"},"canonical":"https:\/\/orbisfood.sk\/?page_id=177","og_locale":"en_US","og_type":"article","og_title":"BELGICK\u00c9 HRANOLKY - Orbis food","og_description":"BELGICK\u00c9 HRANOLKY Na\u0161e hranolky m\u00f4\u017eme nazva\u0165 prav\u00fdmi belgick\u00fdmi hranolkami pr\u00e1ve preto, \u017ee s\u00fa z \u010derstv\u00fdch zemiakov, zo spr\u00e1vnych odr\u00f4d, nakr\u00e1jan\u00e9 na presn\u00fd rozmer a dva kr\u00e1t vypr\u00e1\u017ean\u00e9 na hov\u00e4dzej masti. Navy\u0161e ich ako jedna z m\u00e1la prev\u00e1dzok v Eur\u00f3pe \u0161\u00fapeme ru\u010dne. \u010cerstv\u00fd zemiak je veda, zemiak na prav\u00e9 belgick\u00e9 hranolky je superveda! Iba mal\u00e9 percento [&hellip;]","og_url":"https:\/\/orbisfood.sk\/?page_id=177","og_site_name":"Orbis food","article_modified_time":"2024-10-30T12:02:19+00:00","twitter_card":"summary_large_image","twitter_misc":{"Est. reading time":"1 minute"},"schema":{"@context":"https:\/\/schema.org","@graph":[{"@type":"WebPage","@id":"https:\/\/orbisfood.sk\/?page_id=177","url":"https:\/\/orbisfood.sk\/?page_id=177","name":"BELGICK\u00c9 HRANOLKY - Orbis food","isPartOf":{"@id":"https:\/\/orbisfood.sk\/#website"},"datePublished":"2024-10-30T11:55:01+00:00","dateModified":"2024-10-30T12:02:19+00:00","breadcrumb":{"@id":"https:\/\/orbisfood.sk\/?page_id=177#breadcrumb"},"inLanguage":"en-US","potentialAction":[{"@type":"ReadAction","target":["https:\/\/orbisfood.sk\/?page_id=177"]}]},{"@type":"BreadcrumbList","@id":"https:\/\/orbisfood.sk\/?page_id=177#breadcrumb","itemListElement":[{"@type":"ListItem","position":1,"name":"Home","item":"https:\/\/orbisfood.sk\/"},{"@type":"ListItem","position":2,"name":"BELGICK\u00c9 HRANOLKY"}]},{"@type":"WebSite","@id":"https:\/\/orbisfood.sk\/#website","url":"https:\/\/orbisfood.sk\/","name":"Orbis food","description":"","potentialAction":[{"@type":"SearchAction","target":{"@type":"EntryPoint","urlTemplate":"https:\/\/orbisfood.sk\/?s={search_term_string}"},"query-input":{"@type":"PropertyValueSpecification","valueRequired":true,"valueName":"search_term_string"}}],"inLanguage":"en-US"}]}},"_links":{"self":[{"href":"https:\/\/orbisfood.sk\/index.php?rest_route=\/wp\/v2\/pages\/177","targetHints":{"allow":["GET"]}}],"collection":[{"href":"https:\/\/orbisfood.sk\/index.php?rest_route=\/wp\/v2\/pages"}],"about":[{"href":"https:\/\/orbisfood.sk\/index.php?rest_route=\/wp\/v2\/types\/page"}],"author":[{"embeddable":true,"href":"https:\/\/orbisfood.sk\/index.php?rest_route=\/wp\/v2\/users\/1"}],"replies":[{"embeddable":true,"href":"https:\/\/orbisfood.sk\/index.php?rest_route=%2Fwp%2Fv2%2Fcomments&post=177"}],"version-history":[{"count":4,"href":"https:\/\/orbisfood.sk\/index.php?rest_route=\/wp\/v2\/pages\/177\/revisions"}],"predecessor-version":[{"id":182,"href":"https:\/\/orbisfood.sk\/index.php?rest_route=\/wp\/v2\/pages\/177\/revisions\/182"}],"wp:attachment":[{"href":"https:\/\/orbisfood.sk\/index.php?rest_route=%2Fwp%2Fv2%2Fmedia&parent=177"}],"curies":[{"name":"wp","href":"https:\/\/api.w.org\/{rel}","templated":true}]}}