{"id":150,"date":"2024-10-30T11:47:25","date_gmt":"2024-10-30T11:47:25","guid":{"rendered":"https:\/\/orbisfood.sk\/?page_id=150"},"modified":"2024-10-30T11:52:13","modified_gmt":"2024-10-30T11:52:13","slug":"o-nas","status":"publish","type":"page","link":"https:\/\/orbisfood.sk\/?page_id=150","title":{"rendered":"O n\u00e1s"},"content":{"rendered":"\t\t<div data-elementor-type=\"wp-page\" data-elementor-id=\"150\" class=\"elementor elementor-150\" data-elementor-post-type=\"page\">\n\t\t\t\t<div class=\"elementor-element elementor-element-c791704 e-flex e-con-boxed e-con e-parent\" data-id=\"c791704\" data-element_type=\"container\" data-e-type=\"container\" data-settings=\"{&quot;background_background&quot;:&quot;classic&quot;,&quot;jet_parallax_layout_list&quot;:[]}\">\n\t\t\t\t\t<div class=\"e-con-inner\">\n\t\t\t\t\t<\/div>\n\t\t\t\t<\/div>\n\t\t<div class=\"elementor-element elementor-element-3c3f2a3 e-flex e-con-boxed e-con e-parent\" data-id=\"3c3f2a3\" data-element_type=\"container\" data-e-type=\"container\" data-settings=\"{&quot;jet_parallax_layout_list&quot;:[]}\">\n\t\t\t\t\t<div class=\"e-con-inner\">\n\t\t\t\t<div class=\"elementor-element elementor-element-1be2cb6 elementor-widget elementor-widget-heading\" data-id=\"1be2cb6\" data-element_type=\"widget\" data-e-type=\"widget\" data-widget_type=\"heading.default\">\n\t\t\t\t<div class=\"elementor-widget-container\">\n\t\t\t\t\t<h2 class=\"elementor-heading-title elementor-size-default\">O n\u00e1s<\/h2>\t\t\t\t<\/div>\n\t\t\t\t<\/div>\n\t\t\t\t<div class=\"elementor-element elementor-element-9c34227 elementor-widget elementor-widget-text-editor\" data-id=\"9c34227\" data-element_type=\"widget\" data-e-type=\"widget\" data-widget_type=\"text-editor.default\">\n\t\t\t\t<div class=\"elementor-widget-container\">\n\t\t\t\t\t\t\t\t\t<p>Orbis Street Food vznikol ako in\u0161pir\u00e1cia z\u00a0cestovania. V\u00a0ka\u017edom k\u00fate sveta je pouli\u010dn\u00e9 jedlo to najlep\u0161ie a\u00a0najchutnej\u0161ie, ak je pripravovan\u00e9 poctivo a\u00a0z\u00a0dobr\u00fdch surov\u00edn.<\/p><p>Netv\u00e1rime sa, \u017ee sme najv\u00e4\u010d\u0161\u00ed experti\u00a0 na jedlo, ani sa netv\u00e1rime, \u017ee sme vyna\u0161li najzdrav\u0161\u00ed sp\u00f4sob r\u00fdchleho stravovania. Na\u0161im z\u00e1kladn\u00fdm pravidlom hodnotenia kvality jedla je\u00a0pomer cena\/v\u00fdkon. Teda kvalitu, ktor\u00fa dostanete v\u00a0porovnan\u00ed s\u00a0t\u00fdm, ko\u013eko\u00a0 za to zaplat\u00edte.<\/p><p>\u013dudia miluj\u00fa hranolky, a\u00a0preto hlavn\u00fdm produktom Orbis Street Food s\u00fa \u201eOriginal Belgium Fries\u201c. Sme jedin\u00ed na Slovensku, kto pripravuje tieto hranolky pod\u013ea origin\u00e1lneho belgick\u00e9ho postupu a\u00a0z\u00a0\u010derstv\u00fdch, ru\u010dne \u0161\u00fapan\u00fdch zemiakov.<\/p><p>Tak ako v\u00a0in\u00fdch eur\u00f3pskych \u201ehranolk\u00e1r\u0148ach\u201c okrem prav\u00fdch belgick\u00fdch hranoliek v\u00e1m prin\u00e1\u0161ame aj in\u00e9 jedl\u00e1. \u0160pecializujeme sa na pouli\u010dn\u00e9 jedlo z\u00a0r\u00f4znych k\u00fatov sveta, ktor\u00e9ho ponuka sa pravidelne obmie\u0148a.<\/p>\t\t\t\t\t\t\t\t<\/div>\n\t\t\t\t<\/div>\n\t\t\t\t\t<\/div>\n\t\t\t\t<\/div>\n\t\t\t\t<\/div>\n\t\t","protected":false},"excerpt":{"rendered":"<p>O n\u00e1s Orbis Street Food vznikol ako in\u0161pir\u00e1cia z\u00a0cestovania. V\u00a0ka\u017edom k\u00fate sveta je pouli\u010dn\u00e9 jedlo to najlep\u0161ie a\u00a0najchutnej\u0161ie, ak je pripravovan\u00e9 poctivo a\u00a0z\u00a0dobr\u00fdch surov\u00edn. Netv\u00e1rime sa, \u017ee sme najv\u00e4\u010d\u0161\u00ed experti\u00a0 na jedlo, ani sa netv\u00e1rime, \u017ee sme vyna\u0161li najzdrav\u0161\u00ed sp\u00f4sob r\u00fdchleho stravovania. Na\u0161im z\u00e1kladn\u00fdm pravidlom hodnotenia kvality jedla je\u00a0pomer cena\/v\u00fdkon. Teda kvalitu, ktor\u00fa dostanete v\u00a0porovnan\u00ed [&hellip;]<\/p>\n","protected":false},"author":1,"featured_media":0,"parent":0,"menu_order":0,"comment_status":"closed","ping_status":"closed","template":"","meta":{"_monsterinsights_skip_tracking":false,"_monsterinsights_sitenote_active":false,"_monsterinsights_sitenote_note":"","_monsterinsights_sitenote_category":0,"footnotes":""},"class_list":["post-150","page","type-page","status-publish","hentry"],"yoast_head":"<!-- This site is optimized with the Yoast SEO plugin v27.0 - https:\/\/yoast.com\/product\/yoast-seo-wordpress\/ -->\n<title>O n\u00e1s - Orbis food<\/title>\n<meta name=\"robots\" content=\"index, follow, max-snippet:-1, max-image-preview:large, max-video-preview:-1\" \/>\n<link rel=\"canonical\" href=\"https:\/\/orbisfood.sk\/?page_id=150\" \/>\n<meta property=\"og:locale\" content=\"en_US\" \/>\n<meta property=\"og:type\" content=\"article\" \/>\n<meta property=\"og:title\" content=\"O n\u00e1s - Orbis food\" \/>\n<meta property=\"og:description\" content=\"O n\u00e1s Orbis Street Food vznikol ako in\u0161pir\u00e1cia z\u00a0cestovania. V\u00a0ka\u017edom k\u00fate sveta je pouli\u010dn\u00e9 jedlo to najlep\u0161ie a\u00a0najchutnej\u0161ie, ak je pripravovan\u00e9 poctivo a\u00a0z\u00a0dobr\u00fdch surov\u00edn. Netv\u00e1rime sa, \u017ee sme najv\u00e4\u010d\u0161\u00ed experti\u00a0 na jedlo, ani sa netv\u00e1rime, \u017ee sme vyna\u0161li najzdrav\u0161\u00ed sp\u00f4sob r\u00fdchleho stravovania. Na\u0161im z\u00e1kladn\u00fdm pravidlom hodnotenia kvality jedla je\u00a0pomer cena\/v\u00fdkon. Teda kvalitu, ktor\u00fa dostanete v\u00a0porovnan\u00ed [&hellip;]\" \/>\n<meta property=\"og:url\" content=\"https:\/\/orbisfood.sk\/?page_id=150\" \/>\n<meta property=\"og:site_name\" content=\"Orbis food\" \/>\n<meta property=\"article:modified_time\" content=\"2024-10-30T11:52:13+00:00\" \/>\n<meta name=\"twitter:card\" content=\"summary_large_image\" \/>\n<meta name=\"twitter:label1\" content=\"Est. reading time\" \/>\n\t<meta name=\"twitter:data1\" content=\"1 minute\" \/>\n<script type=\"application\/ld+json\" class=\"yoast-schema-graph\">{\"@context\":\"https:\/\/schema.org\",\"@graph\":[{\"@type\":\"WebPage\",\"@id\":\"https:\/\/orbisfood.sk\/?page_id=150\",\"url\":\"https:\/\/orbisfood.sk\/?page_id=150\",\"name\":\"O n\u00e1s - Orbis food\",\"isPartOf\":{\"@id\":\"https:\/\/orbisfood.sk\/#website\"},\"datePublished\":\"2024-10-30T11:47:25+00:00\",\"dateModified\":\"2024-10-30T11:52:13+00:00\",\"breadcrumb\":{\"@id\":\"https:\/\/orbisfood.sk\/?page_id=150#breadcrumb\"},\"inLanguage\":\"en-US\",\"potentialAction\":[{\"@type\":\"ReadAction\",\"target\":[\"https:\/\/orbisfood.sk\/?page_id=150\"]}]},{\"@type\":\"BreadcrumbList\",\"@id\":\"https:\/\/orbisfood.sk\/?page_id=150#breadcrumb\",\"itemListElement\":[{\"@type\":\"ListItem\",\"position\":1,\"name\":\"Home\",\"item\":\"https:\/\/orbisfood.sk\/\"},{\"@type\":\"ListItem\",\"position\":2,\"name\":\"O n\u00e1s\"}]},{\"@type\":\"WebSite\",\"@id\":\"https:\/\/orbisfood.sk\/#website\",\"url\":\"https:\/\/orbisfood.sk\/\",\"name\":\"Orbis food\",\"description\":\"\",\"potentialAction\":[{\"@type\":\"SearchAction\",\"target\":{\"@type\":\"EntryPoint\",\"urlTemplate\":\"https:\/\/orbisfood.sk\/?s={search_term_string}\"},\"query-input\":{\"@type\":\"PropertyValueSpecification\",\"valueRequired\":true,\"valueName\":\"search_term_string\"}}],\"inLanguage\":\"en-US\"}]}<\/script>\n<!-- \/ Yoast SEO plugin. -->","yoast_head_json":{"title":"O n\u00e1s - Orbis food","robots":{"index":"index","follow":"follow","max-snippet":"max-snippet:-1","max-image-preview":"max-image-preview:large","max-video-preview":"max-video-preview:-1"},"canonical":"https:\/\/orbisfood.sk\/?page_id=150","og_locale":"en_US","og_type":"article","og_title":"O n\u00e1s - Orbis food","og_description":"O n\u00e1s Orbis Street Food vznikol ako in\u0161pir\u00e1cia z\u00a0cestovania. V\u00a0ka\u017edom k\u00fate sveta je pouli\u010dn\u00e9 jedlo to najlep\u0161ie a\u00a0najchutnej\u0161ie, ak je pripravovan\u00e9 poctivo a\u00a0z\u00a0dobr\u00fdch surov\u00edn. Netv\u00e1rime sa, \u017ee sme najv\u00e4\u010d\u0161\u00ed experti\u00a0 na jedlo, ani sa netv\u00e1rime, \u017ee sme vyna\u0161li najzdrav\u0161\u00ed sp\u00f4sob r\u00fdchleho stravovania. Na\u0161im z\u00e1kladn\u00fdm pravidlom hodnotenia kvality jedla je\u00a0pomer cena\/v\u00fdkon. Teda kvalitu, ktor\u00fa dostanete v\u00a0porovnan\u00ed [&hellip;]","og_url":"https:\/\/orbisfood.sk\/?page_id=150","og_site_name":"Orbis food","article_modified_time":"2024-10-30T11:52:13+00:00","twitter_card":"summary_large_image","twitter_misc":{"Est. reading time":"1 minute"},"schema":{"@context":"https:\/\/schema.org","@graph":[{"@type":"WebPage","@id":"https:\/\/orbisfood.sk\/?page_id=150","url":"https:\/\/orbisfood.sk\/?page_id=150","name":"O n\u00e1s - Orbis food","isPartOf":{"@id":"https:\/\/orbisfood.sk\/#website"},"datePublished":"2024-10-30T11:47:25+00:00","dateModified":"2024-10-30T11:52:13+00:00","breadcrumb":{"@id":"https:\/\/orbisfood.sk\/?page_id=150#breadcrumb"},"inLanguage":"en-US","potentialAction":[{"@type":"ReadAction","target":["https:\/\/orbisfood.sk\/?page_id=150"]}]},{"@type":"BreadcrumbList","@id":"https:\/\/orbisfood.sk\/?page_id=150#breadcrumb","itemListElement":[{"@type":"ListItem","position":1,"name":"Home","item":"https:\/\/orbisfood.sk\/"},{"@type":"ListItem","position":2,"name":"O n\u00e1s"}]},{"@type":"WebSite","@id":"https:\/\/orbisfood.sk\/#website","url":"https:\/\/orbisfood.sk\/","name":"Orbis food","description":"","potentialAction":[{"@type":"SearchAction","target":{"@type":"EntryPoint","urlTemplate":"https:\/\/orbisfood.sk\/?s={search_term_string}"},"query-input":{"@type":"PropertyValueSpecification","valueRequired":true,"valueName":"search_term_string"}}],"inLanguage":"en-US"}]}},"_links":{"self":[{"href":"https:\/\/orbisfood.sk\/index.php?rest_route=\/wp\/v2\/pages\/150","targetHints":{"allow":["GET"]}}],"collection":[{"href":"https:\/\/orbisfood.sk\/index.php?rest_route=\/wp\/v2\/pages"}],"about":[{"href":"https:\/\/orbisfood.sk\/index.php?rest_route=\/wp\/v2\/types\/page"}],"author":[{"embeddable":true,"href":"https:\/\/orbisfood.sk\/index.php?rest_route=\/wp\/v2\/users\/1"}],"replies":[{"embeddable":true,"href":"https:\/\/orbisfood.sk\/index.php?rest_route=%2Fwp%2Fv2%2Fcomments&post=150"}],"version-history":[{"count":6,"href":"https:\/\/orbisfood.sk\/index.php?rest_route=\/wp\/v2\/pages\/150\/revisions"}],"predecessor-version":[{"id":175,"href":"https:\/\/orbisfood.sk\/index.php?rest_route=\/wp\/v2\/pages\/150\/revisions\/175"}],"wp:attachment":[{"href":"https:\/\/orbisfood.sk\/index.php?rest_route=%2Fwp%2Fv2%2Fmedia&parent=150"}],"curies":[{"name":"wp","href":"https:\/\/api.w.org\/{rel}","templated":true}]}}